{"id":8710,"date":"2019-09-19T15:17:04","date_gmt":"2019-09-19T14:17:04","guid":{"rendered":"https:\/\/www.portugalfoods.org\/termos-e-condicoes\/"},"modified":"2023-04-27T16:05:52","modified_gmt":"2023-04-27T15:05:52","slug":"terms-of-service","status":"publish","type":"page","link":"https:\/\/www.portugalfoods.org\/en\/terms-of-service\/","title":{"rendered":"Terms of Service"},"content":{"rendered":"<div id='av_section_1'  class='avia-section av-82qwg-673f9c3753768abd94a3a3345c6fc6e5 main_color avia-section-default avia-no-border-styling  avia-builder-el-0  avia-builder-el-no-sibling  avia-bg-style-scroll container_wrap sidebar_right'  ><div class='container av-section-cont-open' ><main  role=\"main\" itemprop=\"mainContentOfPage\"  class='template-page content  av-content-small alpha units'><div class='post-entry post-entry-type-page post-entry-8710'><div class='entry-content-wrapper clearfix'>\n<div  style='padding-bottom:40px; ' class='av-special-heading av-special-heading-h2    avia-builder-el-1  el_before_av_textblock  avia-builder-el-first  custom-url-color '><h2 class='av-special-heading-tag '  itemprop=\"headline\"  >TERMS OF SERVICE<\/h2><span class='sep-heading'><\/span><div class='special-heading-border'><div class='special-heading-inner-border' ><\/div><\/div><\/div>\n<section  class='av_textblock_section av-k1jjelii-ba98c9f90b80992df52c1ef3d4c6073e'  itemscope=\"itemscope\" itemtype=\"https:\/\/schema.org\/CreativeWork\" ><div class='avia_textblock custom-url-color'  itemprop=\"text\" ><ol>\n<li><strong> Terms<\/strong><\/li>\n<\/ol>\n<p>By accessing this Website, accessible from https:\/\/www. portugalfoods.org\/en\/, you are agreeing to be bound by these Website Terms of Service and agree that you are responsible for the agreement with any applicable local laws.<br \/>\nIf you disagree with any of these terms, you are prohibited from accessing this site.<br \/>\nThe materials contained in this Website that were uploaded by Associa\u00e7\u00e3o Integralar and by each company are protected by copyright and trade mark law.<\/p>\n<ol start=\"2\">\n<li><strong> Use License<\/strong><\/li>\n<\/ol>\n<p>Permission is granted to temporarily download one copy of the materials on Associa\u00e7\u00e3o Integralar&#8217;s Website for personal, non-commercial transitory viewing only. This is the grant of a license, not a transfer of title, and under this license you may not:<\/p>\n<ul>\n<li>modify or copy the materials;<\/li>\n<li>use the materials for any commercial purpose or for any public display;<\/li>\n<li>attempt to reverse engineer any software contained on Associa\u00e7\u00e3o Integralar&#8217;s Website;<\/li>\n<li>remove any copyright or other proprietary notations from the materials; or<\/li>\n<li>transferring the materials to another person or &#8220;mirror&#8221; the materials on any other server.<\/li>\n<\/ul>\n<p>This will let Associa\u00e7\u00e3o Integralar to terminate upon violations of any of these restrictions. Upon termination, your viewing right will also be terminated and you should destroy any downloaded materials in your possession whether it is printed or electronic format.<\/p>\n<ol start=\"3\">\n<li><strong> Disclaimer<\/strong><\/li>\n<\/ol>\n<p>All the materials on Associa\u00e7\u00e3o Integralar\u2019s Website are provided &#8220;as is&#8221;. Associa\u00e7\u00e3o Integralar makes no warranties, may it be expressed or implied, therefore negates all other warranties. Furthermore, Associa\u00e7\u00e3o Integralar does not make any representations concerning the accuracy or reliability of the use of the materials on its Website or otherwise relating to such materials or any sites linked to this Website.<\/p>\n<p>The information and images regarding each company were provided by each company and Associa\u00e7\u00e3o Integralar is not responsible for that content. Companies are responsible for providing accurate information.<\/p>\n<ol start=\"4\">\n<li><strong> Limitations<\/strong><\/li>\n<\/ol>\n<p>Associa\u00e7\u00e3o Integralar or its suppliers will not be hold accountable for any damages that will arise with the use or inability to use the materials on Associa\u00e7\u00e3o Integralar\u2019s Website, even if Associa\u00e7\u00e3o Integralar or an authorize representative of this Website has been notified, orally or written, of the possibility of such damage. Some jurisdiction does not allow limitations on implied warranties or limitations of liability for incidental damages, these limitations may not apply to you.<\/p>\n<ol start=\"5\">\n<li><strong> Revisions and Errata<\/strong><\/li>\n<\/ol>\n<p>The materials appearing on Associa\u00e7\u00e3o Integralar\u2019s Website may include technical, typographical, or photographic errors. Associa\u00e7\u00e3o Integralar will not promise that any of the materials in this Website are accurate, complete, or current. Associa\u00e7\u00e3o Integralar may change the materials contained on its Website at any time without notice. Associa\u00e7\u00e3o Integralar does not make any commitment to update the materials.<\/p>\n<ol start=\"6\">\n<li><strong> Links<\/strong><\/li>\n<\/ol>\n<p>Associa\u00e7\u00e3o Integralar has not reviewed all of the sites linked to its Website and is not responsible for the contents of any such linked site. The presence of any link does not imply endorsement by Associa\u00e7\u00e3o Integralar of the site. The use of any linked website is at the user\u2019s own risk.<\/p>\n<ol start=\"7\">\n<li><strong> Site Terms of Service Modifications<\/strong><\/li>\n<\/ol>\n<p>Associa\u00e7\u00e3o Integralar may revise these Terms of Service for its Website at any time without prior notice. By using this Website, you are agreeing to be bound by the current version of these Terms of Service.<\/p>\n<ol start=\"8\">\n<li><strong> Your Privacy<\/strong><\/li>\n<\/ol>\n<p>Please read our Privacy Policy.<\/p>\n<ol start=\"9\">\n<li><strong> Governing Law<\/strong><\/li>\n<\/ol>\n<p>Any claim related to Associa\u00e7\u00e3o Integralar&#8217;s Website shall be governed by the laws of Portugal without regards to its conflict of law provisions.<\/p>\n<\/div><\/section>\n<\/div><\/div><\/main><!-- close content main element --><\/div><\/div><div id='after_section_1'  class='main_color av_default_container_wrap container_wrap sidebar_right'  ><div class='container av-section-cont-open' ><div class='template-page content  av-content-small alpha units'><div class='post-entry post-entry-type-page post-entry-8710'><div class='entry-content-wrapper clearfix'>\n","protected":false},"excerpt":{"rendered":"","protected":false},"author":1,"featured_media":0,"parent":0,"menu_order":0,"comment_status":"closed","ping_status":"closed","template":"","meta":[],"acf":[],"yoast_head":"<!-- This site is optimized with the Yoast SEO plugin v20.5 - https:\/\/yoast.com\/wordpress\/plugins\/seo\/ -->\n<title>Terms of Service - PortugalFoods<\/title>\n<meta name=\"description\" content=\"Terms of Service for using PortugalFoods&#039; english version website.\" \/>\n<meta name=\"robots\" content=\"index, follow, max-snippet:-1, max-image-preview:large, max-video-preview:-1\" \/>\n<link rel=\"canonical\" href=\"https:\/\/www.portugalfoods.org\/en\/terms-of-service\/\" \/>\n<meta property=\"og:locale\" content=\"en_US\" \/>\n<meta property=\"og:type\" content=\"article\" \/>\n<meta property=\"og:title\" content=\"Terms of Service - PortugalFoods\" \/>\n<meta property=\"og:description\" content=\"Terms of Service for using PortugalFoods&#039; english version website.\" \/>\n<meta property=\"og:url\" content=\"https:\/\/www.portugalfoods.org\/en\/terms-of-service\/\" \/>\n<meta property=\"og:site_name\" content=\"PortugalFoods\" \/>\n<meta property=\"article:modified_time\" content=\"2023-04-27T15:05:52+00:00\" \/>\n<meta property=\"og:image\" content=\"https:\/\/www.portugalfoods.org\/wp-content\/uploads\/2020\/10\/portugalfoods-atlantic-meets-mediterranean.jpg\" \/>\n\t<meta property=\"og:image:width\" content=\"1200\" \/>\n\t<meta property=\"og:image:height\" content=\"630\" \/>\n\t<meta property=\"og:image:type\" content=\"image\/jpeg\" \/>\n<meta name=\"twitter:card\" content=\"summary_large_image\" \/>\n<meta name=\"twitter:label1\" content=\"Est. reading time\" \/>\n\t<meta name=\"twitter:data1\" content=\"4 minutes\" \/>\n<script type=\"application\/ld+json\" class=\"yoast-schema-graph\">{\"@context\":\"https:\/\/schema.org\",\"@graph\":[{\"@type\":\"WebPage\",\"@id\":\"https:\/\/www.portugalfoods.org\/en\/terms-of-service\/\",\"url\":\"https:\/\/www.portugalfoods.org\/en\/terms-of-service\/\",\"name\":\"Terms of Service - PortugalFoods\",\"isPartOf\":{\"@id\":\"https:\/\/www.portugalfoods.org\/en\/#website\"},\"datePublished\":\"2019-09-19T14:17:04+00:00\",\"dateModified\":\"2023-04-27T15:05:52+00:00\",\"description\":\"Terms of Service for using PortugalFoods' english version website.\",\"breadcrumb\":{\"@id\":\"https:\/\/www.portugalfoods.org\/en\/terms-of-service\/#breadcrumb\"},\"inLanguage\":\"en-US\",\"potentialAction\":[{\"@type\":\"ReadAction\",\"target\":[\"https:\/\/www.portugalfoods.org\/en\/terms-of-service\/\"]}]},{\"@type\":\"BreadcrumbList\",\"@id\":\"https:\/\/www.portugalfoods.org\/en\/terms-of-service\/#breadcrumb\",\"itemListElement\":[{\"@type\":\"ListItem\",\"position\":1,\"name\":\"In\u00edcio\",\"item\":\"https:\/\/www.portugalfoods.org\/en\/homepage\/\"},{\"@type\":\"ListItem\",\"position\":2,\"name\":\"Terms of Service\"}]},{\"@type\":\"WebSite\",\"@id\":\"https:\/\/www.portugalfoods.org\/en\/#website\",\"url\":\"https:\/\/www.portugalfoods.org\/en\/\",\"name\":\"PortugalFoods\",\"description\":\"\",\"publisher\":{\"@id\":\"https:\/\/www.portugalfoods.org\/en\/#organization\"},\"potentialAction\":[{\"@type\":\"SearchAction\",\"target\":{\"@type\":\"EntryPoint\",\"urlTemplate\":\"https:\/\/www.portugalfoods.org\/en\/?s={search_term_string}\"},\"query-input\":\"required name=search_term_string\"}],\"inLanguage\":\"en-US\"},{\"@type\":\"Organization\",\"@id\":\"https:\/\/www.portugalfoods.org\/en\/#organization\",\"name\":\"PortugalFoods\",\"url\":\"https:\/\/www.portugalfoods.org\/en\/\",\"logo\":{\"@type\":\"ImageObject\",\"inLanguage\":\"en-US\",\"@id\":\"https:\/\/www.portugalfoods.org\/en\/#\/schema\/logo\/image\/\",\"url\":\"https:\/\/www.portugalfoods.org\/wp-content\/uploads\/2020\/02\/logotipo-portugalfoods.png\",\"contentUrl\":\"https:\/\/www.portugalfoods.org\/wp-content\/uploads\/2020\/02\/logotipo-portugalfoods.png\",\"width\":340,\"height\":156,\"caption\":\"PortugalFoods\"},\"image\":{\"@id\":\"https:\/\/www.portugalfoods.org\/en\/#\/schema\/logo\/image\/\"}}]}<\/script>\n<!-- \/ Yoast SEO plugin. -->","yoast_head_json":{"title":"Terms of Service - PortugalFoods","description":"Terms of Service for using PortugalFoods' english version website.","robots":{"index":"index","follow":"follow","max-snippet":"max-snippet:-1","max-image-preview":"max-image-preview:large","max-video-preview":"max-video-preview:-1"},"canonical":"https:\/\/www.portugalfoods.org\/en\/terms-of-service\/","og_locale":"en_US","og_type":"article","og_title":"Terms of Service - PortugalFoods","og_description":"Terms of Service for using PortugalFoods' english version website.","og_url":"https:\/\/www.portugalfoods.org\/en\/terms-of-service\/","og_site_name":"PortugalFoods","article_modified_time":"2023-04-27T15:05:52+00:00","og_image":[{"width":1200,"height":630,"url":"https:\/\/www.portugalfoods.org\/wp-content\/uploads\/2020\/10\/portugalfoods-atlantic-meets-mediterranean.jpg","type":"image\/jpeg"}],"twitter_card":"summary_large_image","twitter_misc":{"Est. reading time":"4 minutes"},"schema":{"@context":"https:\/\/schema.org","@graph":[{"@type":"WebPage","@id":"https:\/\/www.portugalfoods.org\/en\/terms-of-service\/","url":"https:\/\/www.portugalfoods.org\/en\/terms-of-service\/","name":"Terms of Service - PortugalFoods","isPartOf":{"@id":"https:\/\/www.portugalfoods.org\/en\/#website"},"datePublished":"2019-09-19T14:17:04+00:00","dateModified":"2023-04-27T15:05:52+00:00","description":"Terms of Service for using PortugalFoods' english version website.","breadcrumb":{"@id":"https:\/\/www.portugalfoods.org\/en\/terms-of-service\/#breadcrumb"},"inLanguage":"en-US","potentialAction":[{"@type":"ReadAction","target":["https:\/\/www.portugalfoods.org\/en\/terms-of-service\/"]}]},{"@type":"BreadcrumbList","@id":"https:\/\/www.portugalfoods.org\/en\/terms-of-service\/#breadcrumb","itemListElement":[{"@type":"ListItem","position":1,"name":"In\u00edcio","item":"https:\/\/www.portugalfoods.org\/en\/homepage\/"},{"@type":"ListItem","position":2,"name":"Terms of Service"}]},{"@type":"WebSite","@id":"https:\/\/www.portugalfoods.org\/en\/#website","url":"https:\/\/www.portugalfoods.org\/en\/","name":"PortugalFoods","description":"","publisher":{"@id":"https:\/\/www.portugalfoods.org\/en\/#organization"},"potentialAction":[{"@type":"SearchAction","target":{"@type":"EntryPoint","urlTemplate":"https:\/\/www.portugalfoods.org\/en\/?s={search_term_string}"},"query-input":"required name=search_term_string"}],"inLanguage":"en-US"},{"@type":"Organization","@id":"https:\/\/www.portugalfoods.org\/en\/#organization","name":"PortugalFoods","url":"https:\/\/www.portugalfoods.org\/en\/","logo":{"@type":"ImageObject","inLanguage":"en-US","@id":"https:\/\/www.portugalfoods.org\/en\/#\/schema\/logo\/image\/","url":"https:\/\/www.portugalfoods.org\/wp-content\/uploads\/2020\/02\/logotipo-portugalfoods.png","contentUrl":"https:\/\/www.portugalfoods.org\/wp-content\/uploads\/2020\/02\/logotipo-portugalfoods.png","width":340,"height":156,"caption":"PortugalFoods"},"image":{"@id":"https:\/\/www.portugalfoods.org\/en\/#\/schema\/logo\/image\/"}}]}},"_links":{"self":[{"href":"https:\/\/www.portugalfoods.org\/en\/wp-json\/wp\/v2\/pages\/8710"}],"collection":[{"href":"https:\/\/www.portugalfoods.org\/en\/wp-json\/wp\/v2\/pages"}],"about":[{"href":"https:\/\/www.portugalfoods.org\/en\/wp-json\/wp\/v2\/types\/page"}],"author":[{"embeddable":true,"href":"https:\/\/www.portugalfoods.org\/en\/wp-json\/wp\/v2\/users\/1"}],"replies":[{"embeddable":true,"href":"https:\/\/www.portugalfoods.org\/en\/wp-json\/wp\/v2\/comments?post=8710"}],"version-history":[{"count":0,"href":"https:\/\/www.portugalfoods.org\/en\/wp-json\/wp\/v2\/pages\/8710\/revisions"}],"wp:attachment":[{"href":"https:\/\/www.portugalfoods.org\/en\/wp-json\/wp\/v2\/media?parent=8710"}],"curies":[{"name":"wp","href":"https:\/\/api.w.org\/{rel}","templated":true}]}}